{"id":53,"date":"2025-07-28T15:29:14","date_gmt":"2025-07-28T15:29:14","guid":{"rendered":"https:\/\/lemonthebar.com\/?page_id=53"},"modified":"2025-09-25T09:39:40","modified_gmt":"2025-09-25T09:39:40","slug":"lemon-the-bar","status":"publish","type":"page","link":"https:\/\/lemonthebar.com\/en\/","title":{"rendered":"Lemon \u2013 The Bar Returns"},"content":{"rendered":"<div data-elementor-type=\"wp-page\" data-elementor-id=\"53\" class=\"elementor elementor-53\" data-elementor-post-type=\"page\">\n\t\t\t\t<div class=\"elementor-element elementor-element-348f398 e-con-full e-flex e-con e-parent\" data-id=\"348f398\" data-element_type=\"container\" data-e-type=\"container\" data-settings=\"{&quot;background_background&quot;:&quot;video&quot;,&quot;background_video_link&quot;:&quot;https:\\\/\\\/www.youtube.com\\\/watch?v=lvPAaNdK3Qc&quot;,&quot;background_video_start&quot;:4,&quot;background_privacy_mode&quot;:&quot;yes&quot;}\">\n\t\t<div class=\"elementor-background-video-container elementor-hidden-mobile\">\n\t\t\t\t\t\t\t<div class=\"elementor-background-video-embed\" role=\"presentation\"><\/div>\n\t\t\t\t\t\t<\/div>\t\t<\/div>\n\t\t<div class=\"elementor-element elementor-element-f896e10 e-flex e-con-boxed e-con e-parent\" data-id=\"f896e10\" data-element_type=\"container\" data-e-type=\"container\">\n\t\t\t\t\t<div class=\"e-con-inner\">\n\t\t\t\t<div class=\"elementor-element elementor-element-5b67d6d elementor-widget elementor-widget-heading\" data-id=\"5b67d6d\" data-element_type=\"widget\" data-e-type=\"widget\" data-widget_type=\"heading.default\">\n\t\t\t\t\t<h2 class=\"elementor-heading-title elementor-size-default\">Lemon the Bar Returns<\/h2>\t\t\t\t<\/div>\n\t\t\t\t<div class=\"elementor-element elementor-element-b98c7fd elementor-widget-divider--view-line_icon elementor-view-default elementor-widget-divider--element-align-center elementor-widget elementor-widget-divider\" data-id=\"b98c7fd\" data-element_type=\"widget\" data-e-type=\"widget\" data-widget_type=\"divider.default\">\n\t\t\t\t\t\t\t<div class=\"elementor-divider\">\n\t\t\t<span class=\"elementor-divider-separator\">\n\t\t\t\t\t\t\t<div class=\"elementor-icon elementor-divider__element\">\n\t\t\t\t\t<svg aria-hidden=\"true\" class=\"e-font-icon-svg e-far-circle\" viewbox=\"0 0 512 512\" xmlns=\"http:\/\/www.w3.org\/2000\/svg\"><path d=\"M256 8C119 8 8 119 8 256s111 248 248 248 248-111 248-248S393 8 256 8zm0 448c-110.5 0-200-89.5-200-200S145.5 56 256 56s200 89.5 200 200-89.5 200-200 200z\"><\/path><\/svg><\/div>\n\t\t\t\t\t\t<\/span>\n\t\t<\/div>\n\t\t\t\t\t\t<\/div>\n\t\t\t\t<div class=\"elementor-element elementor-element-a9319a5 elementor-widget elementor-widget-text-editor\" data-id=\"a9319a5\" data-element_type=\"widget\" data-e-type=\"widget\" data-widget_type=\"text-editor.default\">\n\t\t\t\t\t\t\t\t\t<p class=\"p1\">A unique, modern, and contemporary venue in Palencia. You'll enjoy exquisite tapas and a great atmosphere. We open at 1:00 PM to offer you a vermouth to whet your appetite, and in the evenings, unwind after work with a glass of wine, a beer, or a drink in good company. Don't forget that on weekend nights, this is your place. Any time is a good time to stop by Lemon.<\/p>\t\t\t\t\t\t\t\t<\/div>\n\t\t\t\t<div class=\"elementor-element elementor-element-e433f0a elementor-widget elementor-widget-gallery\" data-id=\"e433f0a\" data-element_type=\"widget\" data-e-type=\"widget\" data-settings=\"{&quot;columns&quot;:5,&quot;gap&quot;:{&quot;unit&quot;:&quot;px&quot;,&quot;size&quot;:1,&quot;sizes&quot;:[]},&quot;aspect_ratio&quot;:&quot;1:1&quot;,&quot;lazyload&quot;:&quot;yes&quot;,&quot;gallery_layout&quot;:&quot;grid&quot;,&quot;columns_tablet&quot;:2,&quot;columns_mobile&quot;:1,&quot;gap_tablet&quot;:{&quot;unit&quot;:&quot;px&quot;,&quot;size&quot;:10,&quot;sizes&quot;:[]},&quot;gap_mobile&quot;:{&quot;unit&quot;:&quot;px&quot;,&quot;size&quot;:10,&quot;sizes&quot;:[]},&quot;link_to&quot;:&quot;file&quot;,&quot;overlay_background&quot;:&quot;yes&quot;,&quot;content_hover_animation&quot;:&quot;fade-in&quot;}\" data-widget_type=\"gallery.default\">\n\t\t\t\t\t\t\t<div class=\"elementor-gallery__container\">\n\t\t\t\t\t\t\t<a class=\"e-gallery-item elementor-gallery-item elementor-animated-content\" href=\"http:\/\/lemonthebar.com\/wp-content\/uploads\/2017\/12\/DSC4505.jpg\" data-elementor-open-lightbox=\"yes\" data-elementor-lightbox-slideshow=\"e433f0a\" data-elementor-lightbox-title=\"_DSC4505\" data-e-action-hash=\"#elementor-action%3Aaction%3Dlightbox%26settings%3DeyJpZCI6MjcsInVybCI6Imh0dHA6XC9cL2xlbW9udGhlYmFyLmNvbVwvd3AtY29udGVudFwvdXBsb2Fkc1wvMjAxN1wvMTJcL0RTQzQ1MDUuanBnIiwic2xpZGVzaG93IjoiZTQzM2YwYSJ9\">\n\t\t\t\t\t<div class=\"e-gallery-image elementor-gallery-item__image\" data-thumbnail=\"http:\/\/lemonthebar.com\/wp-content\/uploads\/2017\/12\/DSC4505.jpg\" data-width=\"4928\" data-height=\"3264\" aria-label=\"\" role=\"img\" ><\/div>\n\t\t\t\t\t\t\t\t\t\t\t<div class=\"elementor-gallery-item__overlay\"><\/div>\n\t\t\t\t\t\t\t\t\t\t\t\t\t\t<\/a>\n\t\t\t\t\t\t\t<a class=\"e-gallery-item elementor-gallery-item elementor-animated-content\" href=\"http:\/\/lemonthebar.com\/wp-content\/uploads\/2017\/12\/DSC4509.jpg\" data-elementor-open-lightbox=\"yes\" data-elementor-lightbox-slideshow=\"e433f0a\" data-elementor-lightbox-title=\"_DSC4509\" data-e-action-hash=\"#elementor-action%3Aaction%3Dlightbox%26settings%3DeyJpZCI6MjUsInVybCI6Imh0dHA6XC9cL2xlbW9udGhlYmFyLmNvbVwvd3AtY29udGVudFwvdXBsb2Fkc1wvMjAxN1wvMTJcL0RTQzQ1MDkuanBnIiwic2xpZGVzaG93IjoiZTQzM2YwYSJ9\">\n\t\t\t\t\t<div class=\"e-gallery-image elementor-gallery-item__image\" data-thumbnail=\"http:\/\/lemonthebar.com\/wp-content\/uploads\/2017\/12\/DSC4509.jpg\" data-width=\"4928\" data-height=\"3264\" aria-label=\"\" role=\"img\" ><\/div>\n\t\t\t\t\t\t\t\t\t\t\t<div class=\"elementor-gallery-item__overlay\"><\/div>\n\t\t\t\t\t\t\t\t\t\t\t\t\t\t<\/a>\n\t\t\t\t\t\t\t<a class=\"e-gallery-item elementor-gallery-item elementor-animated-content\" href=\"http:\/\/lemonthebar.com\/wp-content\/uploads\/2017\/12\/DSC4506.jpg\" data-elementor-open-lightbox=\"yes\" data-elementor-lightbox-slideshow=\"e433f0a\" data-elementor-lightbox-title=\"_DSC4506\" data-e-action-hash=\"#elementor-action%3Aaction%3Dlightbox%26settings%3DeyJpZCI6MjYsInVybCI6Imh0dHA6XC9cL2xlbW9udGhlYmFyLmNvbVwvd3AtY29udGVudFwvdXBsb2Fkc1wvMjAxN1wvMTJcL0RTQzQ1MDYuanBnIiwic2xpZGVzaG93IjoiZTQzM2YwYSJ9\">\n\t\t\t\t\t<div class=\"e-gallery-image elementor-gallery-item__image\" data-thumbnail=\"http:\/\/lemonthebar.com\/wp-content\/uploads\/2017\/12\/DSC4506.jpg\" data-width=\"4928\" data-height=\"3264\" aria-label=\"\" role=\"img\" ><\/div>\n\t\t\t\t\t\t\t\t\t\t\t<div class=\"elementor-gallery-item__overlay\"><\/div>\n\t\t\t\t\t\t\t\t\t\t\t\t\t\t<\/a>\n\t\t\t\t\t\t\t<a class=\"e-gallery-item elementor-gallery-item elementor-animated-content\" href=\"http:\/\/lemonthebar.com\/wp-content\/uploads\/2017\/12\/DSC4513.jpg\" data-elementor-open-lightbox=\"yes\" data-elementor-lightbox-slideshow=\"e433f0a\" data-elementor-lightbox-title=\"_DSC4513\" data-e-action-hash=\"#elementor-action%3Aaction%3Dlightbox%26settings%3DeyJpZCI6MjQsInVybCI6Imh0dHA6XC9cL2xlbW9udGhlYmFyLmNvbVwvd3AtY29udGVudFwvdXBsb2Fkc1wvMjAxN1wvMTJcL0RTQzQ1MTMuanBnIiwic2xpZGVzaG93IjoiZTQzM2YwYSJ9\">\n\t\t\t\t\t<div class=\"e-gallery-image elementor-gallery-item__image\" data-thumbnail=\"http:\/\/lemonthebar.com\/wp-content\/uploads\/2017\/12\/DSC4513.jpg\" data-width=\"4928\" data-height=\"3264\" aria-label=\"\" role=\"img\" ><\/div>\n\t\t\t\t\t\t\t\t\t\t\t<div class=\"elementor-gallery-item__overlay\"><\/div>\n\t\t\t\t\t\t\t\t\t\t\t\t\t\t<\/a>\n\t\t\t\t\t\t\t<a class=\"e-gallery-item elementor-gallery-item elementor-animated-content\" href=\"http:\/\/lemonthebar.com\/wp-content\/uploads\/2017\/12\/DSC4507-e1513963831840.jpg\" data-elementor-open-lightbox=\"yes\" data-elementor-lightbox-slideshow=\"e433f0a\" data-elementor-lightbox-title=\"_DSC4507\" data-e-action-hash=\"#elementor-action%3Aaction%3Dlightbox%26settings%3DeyJpZCI6MzcsInVybCI6Imh0dHA6XC9cL2xlbW9udGhlYmFyLmNvbVwvd3AtY29udGVudFwvdXBsb2Fkc1wvMjAxN1wvMTJcL0RTQzQ1MDctZTE1MTM5NjM4MzE4NDAuanBnIiwic2xpZGVzaG93IjoiZTQzM2YwYSJ9\">\n\t\t\t\t\t<div class=\"e-gallery-image elementor-gallery-item__image\" data-thumbnail=\"http:\/\/lemonthebar.com\/wp-content\/uploads\/2017\/12\/DSC4507-e1513963831840.jpg\" data-width=\"3264\" data-height=\"4928\" aria-label=\"\" role=\"img\" ><\/div>\n\t\t\t\t\t\t\t\t\t\t\t<div class=\"elementor-gallery-item__overlay\"><\/div>\n\t\t\t\t\t\t\t\t\t\t\t\t\t\t<\/a>\n\t\t\t\t\t<\/div>\n\t\t\t\t\t<\/div>\n\t\t\t\t\t<\/div>\n\t\t\t\t<\/div>\n\t\t<div class=\"elementor-element elementor-element-60db098 e-flex e-con-boxed e-con e-parent\" data-id=\"60db098\" data-element_type=\"container\" data-e-type=\"container\">\n\t\t\t\t\t<div class=\"e-con-inner\">\n\t\t\t\t<div class=\"elementor-element elementor-element-746d663 elementor-widget elementor-widget-google_maps\" data-id=\"746d663\" data-element_type=\"widget\" data-e-type=\"widget\" data-widget_type=\"google_maps.default\">\n\t\t\t\t\t\t\t<div class=\"elementor-custom-embed\">\n\t\t\t<iframe loading=\"lazy\"\n\t\t\t\t\tsrc=\"https:\/\/maps.google.com\/maps?q=P.%C2%BA%20del%20Sal%C3%B3n%2C%2013%2C%2034002%20Palencia&#038;t=m&#038;z=16&#038;output=embed&#038;iwloc=near\"\n\t\t\t\t\ttitle=\"P.\u00ba del Sal\u00f3n, 13, 34002 Palencia\"\n\t\t\t\t\taria-label=\"P.\u00ba del Sal\u00f3n, 13, 34002 Palencia\"\n\t\t\t><\/iframe>\n\t\t<\/div>\n\t\t\t\t\t\t<\/div>\n\t\t\t\t\t<\/div>\n\t\t\t\t<\/div>\n\t\t<div class=\"elementor-element elementor-element-4a29cda e-flex e-con-boxed e-con e-parent\" data-id=\"4a29cda\" data-element_type=\"container\" data-e-type=\"container\">\n\t\t\t\t\t<div class=\"e-con-inner\">\n\t\t\t\t<div class=\"elementor-element elementor-element-6c5747e elementor-widget elementor-widget-image\" data-id=\"6c5747e\" data-element_type=\"widget\" data-e-type=\"widget\" data-widget_type=\"image.default\">\n\t\t\t\t\t\t\t\t\t\t\t\t\t\t\t<img fetchpriority=\"high\" decoding=\"async\" width=\"800\" height=\"278\" src=\"http:\/\/lemonthebar.com\/wp-content\/uploads\/2023\/10\/jcyl-lemon-1024x356.png\" class=\"attachment-large size-large wp-image-46\" alt=\"\" srcset=\"http:\/\/lemonthebar.com\/wp-content\/uploads\/2023\/10\/jcyl-lemon-1024x356.png 1024w, http:\/\/lemonthebar.com\/wp-content\/uploads\/2023\/10\/jcyl-lemon-300x104.png 300w, http:\/\/lemonthebar.com\/wp-content\/uploads\/2023\/10\/jcyl-lemon-768x267.png 768w, http:\/\/lemonthebar.com\/wp-content\/uploads\/2023\/10\/jcyl-lemon.png 1762w\" sizes=\"(max-width: 800px) 100vw, 800px\" \/>\t\t\t\t\t\t\t\t\t\t\t\t\t\t\t<\/div>\n\t\t\t\t\t<\/div>\n\t\t\t\t<\/div>\n\t\t\t\t<\/div>","protected":false},"excerpt":{"rendered":"<p>Lemon the Bar Returns Un local diferente, moderno y actual en Palencia. Disfrutar\u00e1s de exquisitas tapas y un gran ambiente. Abrimos a las 13:00 horas para ofrecerte un verm\u00fa con el que ir abriendo boca y por las tardes, desp\u00e9jate tras el trabajo con un vino, una ca\u00f1a o una copa en buena compa\u00f1\u00eda, sin [&hellip;]<\/p>\n","protected":false},"author":2,"featured_media":0,"parent":0,"menu_order":0,"comment_status":"closed","ping_status":"closed","template":"","meta":{"footnotes":""},"class_list":["post-53","page","type-page","status-publish","hentry"],"yoast_head":"<!-- This site is optimized with the Yoast SEO plugin v27.6 - https:\/\/yoast.com\/product\/yoast-seo-wordpress\/ -->\n<title>Lemon the Bar | Bar en Palencia con Tapas, Verm\u00fa y Copas<\/title>\n<meta name=\"description\" content=\"Bar moderno en Palencia con tapas, verm\u00fa, vinos y copas. Disfruta de buen ambiente desde el mediod\u00eda hasta la noche en Lemon the Bar\" \/>\n<meta name=\"robots\" content=\"index, follow, max-snippet:-1, max-image-preview:large, max-video-preview:-1\" \/>\n<link rel=\"canonical\" href=\"http:\/\/lemonthebar.com\/en\/\" \/>\n<meta property=\"og:locale\" content=\"en_GB\" \/>\n<meta property=\"og:type\" content=\"article\" \/>\n<meta property=\"og:title\" content=\"Lemon the Bar | Bar en Palencia con Tapas, Verm\u00fa y Copas\" \/>\n<meta property=\"og:description\" content=\"Bar moderno en Palencia con tapas, verm\u00fa, vinos y copas. Disfruta de buen ambiente desde el mediod\u00eda hasta la noche en Lemon the Bar\" \/>\n<meta property=\"og:url\" content=\"http:\/\/lemonthebar.com\/en\/\" \/>\n<meta property=\"og:site_name\" content=\"Lemon The Bar\" \/>\n<meta property=\"article:publisher\" content=\"https:\/\/www.facebook.com\/lemon.palencia\/?locale=es_ES\" \/>\n<meta property=\"article:modified_time\" content=\"2025-09-25T09:39:40+00:00\" \/>\n<meta property=\"og:image\" content=\"http:\/\/lemonthebar.com\/wp-content\/uploads\/2023\/10\/jcyl-lemon-1024x356.png\" \/>\n<meta name=\"twitter:card\" content=\"summary_large_image\" \/>\n<meta name=\"twitter:label1\" content=\"Estimated reading time\" \/>\n\t<meta name=\"twitter:data1\" content=\"1 minute\" \/>\n<script type=\"application\/ld+json\" class=\"yoast-schema-graph\">{\"@context\":\"https:\\\/\\\/schema.org\",\"@graph\":[{\"@type\":\"WebPage\",\"@id\":\"http:\\\/\\\/lemonthebar.com\\\/\",\"url\":\"http:\\\/\\\/lemonthebar.com\\\/\",\"name\":\"Lemon the Bar | Bar en Palencia con Tapas, Verm\u00fa y Copas\",\"isPartOf\":{\"@id\":\"http:\\\/\\\/lemonthebar.com\\\/#website\"},\"primaryImageOfPage\":{\"@id\":\"http:\\\/\\\/lemonthebar.com\\\/#primaryimage\"},\"image\":{\"@id\":\"http:\\\/\\\/lemonthebar.com\\\/#primaryimage\"},\"thumbnailUrl\":\"http:\\\/\\\/lemonthebar.com\\\/wp-content\\\/uploads\\\/2023\\\/10\\\/jcyl-lemon-1024x356.png\",\"datePublished\":\"2025-07-28T15:29:14+00:00\",\"dateModified\":\"2025-09-25T09:39:40+00:00\",\"description\":\"Bar moderno en Palencia con tapas, verm\u00fa, vinos y copas. Disfruta de buen ambiente desde el mediod\u00eda hasta la noche en Lemon the Bar\",\"breadcrumb\":{\"@id\":\"http:\\\/\\\/lemonthebar.com\\\/#breadcrumb\"},\"inLanguage\":\"en-GB\",\"potentialAction\":[{\"@type\":\"ReadAction\",\"target\":[\"http:\\\/\\\/lemonthebar.com\\\/\"]}]},{\"@type\":\"ImageObject\",\"inLanguage\":\"en-GB\",\"@id\":\"http:\\\/\\\/lemonthebar.com\\\/#primaryimage\",\"url\":\"http:\\\/\\\/lemonthebar.com\\\/wp-content\\\/uploads\\\/2023\\\/10\\\/jcyl-lemon-1024x356.png\",\"contentUrl\":\"http:\\\/\\\/lemonthebar.com\\\/wp-content\\\/uploads\\\/2023\\\/10\\\/jcyl-lemon-1024x356.png\"},{\"@type\":\"BreadcrumbList\",\"@id\":\"http:\\\/\\\/lemonthebar.com\\\/#breadcrumb\",\"itemListElement\":[{\"@type\":\"ListItem\",\"position\":1,\"name\":\"Portada\",\"item\":\"http:\\\/\\\/lemonthebar.com\\\/\"},{\"@type\":\"ListItem\",\"position\":2,\"name\":\"Lemon \u2013 The Bar Returns\"}]},{\"@type\":\"WebSite\",\"@id\":\"http:\\\/\\\/lemonthebar.com\\\/#website\",\"url\":\"http:\\\/\\\/lemonthebar.com\\\/\",\"name\":\"Lemon The Bar\",\"description\":\"El bar con m\u00e1s ginebras del mundo\",\"publisher\":{\"@id\":\"http:\\\/\\\/lemonthebar.com\\\/#organization\"},\"potentialAction\":[{\"@type\":\"SearchAction\",\"target\":{\"@type\":\"EntryPoint\",\"urlTemplate\":\"http:\\\/\\\/lemonthebar.com\\\/?s={search_term_string}\"},\"query-input\":{\"@type\":\"PropertyValueSpecification\",\"valueRequired\":true,\"valueName\":\"search_term_string\"}}],\"inLanguage\":\"en-GB\"},{\"@type\":\"Organization\",\"@id\":\"http:\\\/\\\/lemonthebar.com\\\/#organization\",\"name\":\"Lemon The Bar\",\"url\":\"http:\\\/\\\/lemonthebar.com\\\/\",\"logo\":{\"@type\":\"ImageObject\",\"inLanguage\":\"en-GB\",\"@id\":\"http:\\\/\\\/lemonthebar.com\\\/#\\\/schema\\\/logo\\\/image\\\/\",\"url\":\"https:\\\/\\\/lemonthebar.com\\\/wp-content\\\/uploads\\\/2017\\\/12\\\/lemon.png\",\"contentUrl\":\"https:\\\/\\\/lemonthebar.com\\\/wp-content\\\/uploads\\\/2017\\\/12\\\/lemon.png\",\"width\":466,\"height\":90,\"caption\":\"Lemon The Bar\"},\"image\":{\"@id\":\"http:\\\/\\\/lemonthebar.com\\\/#\\\/schema\\\/logo\\\/image\\\/\"},\"sameAs\":[\"https:\\\/\\\/www.facebook.com\\\/lemon.palencia\\\/?locale=es_ES\",\"https:\\\/\\\/www.instagram.com\\\/lemonpalencia\\\/\"]}]}<\/script>\n<!-- \/ Yoast SEO plugin. -->","yoast_head_json":{"title":"Lemon the Bar | Bar en Palencia con Tapas, Verm\u00fa y Copas","description":"Bar moderno en Palencia con tapas, verm\u00fa, vinos y copas. Disfruta de buen ambiente desde el mediod\u00eda hasta la noche en Lemon the Bar","robots":{"index":"index","follow":"follow","max-snippet":"max-snippet:-1","max-image-preview":"max-image-preview:large","max-video-preview":"max-video-preview:-1"},"canonical":"http:\/\/lemonthebar.com\/en\/","og_locale":"en_GB","og_type":"article","og_title":"Lemon the Bar | Bar en Palencia con Tapas, Verm\u00fa y Copas","og_description":"Bar moderno en Palencia con tapas, verm\u00fa, vinos y copas. Disfruta de buen ambiente desde el mediod\u00eda hasta la noche en Lemon the Bar","og_url":"http:\/\/lemonthebar.com\/en\/","og_site_name":"Lemon The Bar","article_publisher":"https:\/\/www.facebook.com\/lemon.palencia\/?locale=es_ES","article_modified_time":"2025-09-25T09:39:40+00:00","og_image":[{"url":"http:\/\/lemonthebar.com\/wp-content\/uploads\/2023\/10\/jcyl-lemon-1024x356.png","type":"","width":"","height":""}],"twitter_card":"summary_large_image","twitter_misc":{"Estimated reading time":"1 minute"},"schema":{"@context":"https:\/\/schema.org","@graph":[{"@type":"WebPage","@id":"http:\/\/lemonthebar.com\/","url":"http:\/\/lemonthebar.com\/","name":"Lemon the Bar | Bar en Palencia con Tapas, Verm\u00fa y Copas","isPartOf":{"@id":"http:\/\/lemonthebar.com\/#website"},"primaryImageOfPage":{"@id":"http:\/\/lemonthebar.com\/#primaryimage"},"image":{"@id":"http:\/\/lemonthebar.com\/#primaryimage"},"thumbnailUrl":"http:\/\/lemonthebar.com\/wp-content\/uploads\/2023\/10\/jcyl-lemon-1024x356.png","datePublished":"2025-07-28T15:29:14+00:00","dateModified":"2025-09-25T09:39:40+00:00","description":"Bar moderno en Palencia con tapas, verm\u00fa, vinos y copas. Disfruta de buen ambiente desde el mediod\u00eda hasta la noche en Lemon the Bar","breadcrumb":{"@id":"http:\/\/lemonthebar.com\/#breadcrumb"},"inLanguage":"en-GB","potentialAction":[{"@type":"ReadAction","target":["http:\/\/lemonthebar.com\/"]}]},{"@type":"ImageObject","inLanguage":"en-GB","@id":"http:\/\/lemonthebar.com\/#primaryimage","url":"http:\/\/lemonthebar.com\/wp-content\/uploads\/2023\/10\/jcyl-lemon-1024x356.png","contentUrl":"http:\/\/lemonthebar.com\/wp-content\/uploads\/2023\/10\/jcyl-lemon-1024x356.png"},{"@type":"BreadcrumbList","@id":"http:\/\/lemonthebar.com\/#breadcrumb","itemListElement":[{"@type":"ListItem","position":1,"name":"Portada","item":"http:\/\/lemonthebar.com\/"},{"@type":"ListItem","position":2,"name":"Lemon \u2013 The Bar Returns"}]},{"@type":"WebSite","@id":"http:\/\/lemonthebar.com\/#website","url":"http:\/\/lemonthebar.com\/","name":"Lemon The Bar","description":"El bar con m\u00e1s ginebras del mundo","publisher":{"@id":"http:\/\/lemonthebar.com\/#organization"},"potentialAction":[{"@type":"SearchAction","target":{"@type":"EntryPoint","urlTemplate":"http:\/\/lemonthebar.com\/?s={search_term_string}"},"query-input":{"@type":"PropertyValueSpecification","valueRequired":true,"valueName":"search_term_string"}}],"inLanguage":"en-GB"},{"@type":"Organization","@id":"http:\/\/lemonthebar.com\/#organization","name":"Lemon The Bar","url":"http:\/\/lemonthebar.com\/","logo":{"@type":"ImageObject","inLanguage":"en-GB","@id":"http:\/\/lemonthebar.com\/#\/schema\/logo\/image\/","url":"https:\/\/lemonthebar.com\/wp-content\/uploads\/2017\/12\/lemon.png","contentUrl":"https:\/\/lemonthebar.com\/wp-content\/uploads\/2017\/12\/lemon.png","width":466,"height":90,"caption":"Lemon The Bar"},"image":{"@id":"http:\/\/lemonthebar.com\/#\/schema\/logo\/image\/"},"sameAs":["https:\/\/www.facebook.com\/lemon.palencia\/?locale=es_ES","https:\/\/www.instagram.com\/lemonpalencia\/"]}]}},"_links":{"self":[{"href":"https:\/\/lemonthebar.com\/en\/wp-json\/wp\/v2\/pages\/53","targetHints":{"allow":["GET"]}}],"collection":[{"href":"https:\/\/lemonthebar.com\/en\/wp-json\/wp\/v2\/pages"}],"about":[{"href":"https:\/\/lemonthebar.com\/en\/wp-json\/wp\/v2\/types\/page"}],"author":[{"embeddable":true,"href":"https:\/\/lemonthebar.com\/en\/wp-json\/wp\/v2\/users\/2"}],"replies":[{"embeddable":true,"href":"https:\/\/lemonthebar.com\/en\/wp-json\/wp\/v2\/comments?post=53"}],"version-history":[{"count":2,"href":"https:\/\/lemonthebar.com\/en\/wp-json\/wp\/v2\/pages\/53\/revisions"}],"predecessor-version":[{"id":94,"href":"https:\/\/lemonthebar.com\/en\/wp-json\/wp\/v2\/pages\/53\/revisions\/94"}],"wp:attachment":[{"href":"https:\/\/lemonthebar.com\/en\/wp-json\/wp\/v2\/media?parent=53"}],"curies":[{"name":"wp","href":"https:\/\/api.w.org\/{rel}","templated":true}]}}